{"id":471,"date":"2020-04-02T13:45:04","date_gmt":"2020-04-02T13:45:04","guid":{"rendered":"https:\/\/spspi.parisnanterre.fr\/?page_id=471"},"modified":"2022-06-30T16:42:40","modified_gmt":"2022-06-30T16:42:40","slug":"seminaire-general-echelles-et-historicites","status":"publish","type":"page","link":"https:\/\/spspi.parisnanterre.fr\/index.php\/seminaire-general-echelles-et-historicites\/","title":{"rendered":"S\u00e9minaire g\u00e9n\u00e9ral : \u00e9chelles et historicit\u00e9s"},"content":{"rendered":"\n<h3 class=\"wp-block-heading\">Ce s\u00e9minaire a lieu au troisi\u00e8me semestre du Master (M2). Il est anim\u00e9 par<\/h3>\n\n\n\n<h3 class=\"wp-block-heading\"><strong><span style=\"color:#480872\" class=\"color\">Antonin Cohen<\/span><\/strong><\/h3>\n\n\n\n<p><\/p>\n\n\n\n<h4 class=\"wp-block-heading\"><strong>R\u00e9sum\u00e9<\/strong><\/h4>\n\n\n\n<p>Le s\u00e9minaire g\u00e9n\u00e9ral place les \u00e9tudiants au contact direct de la recherche la plus actuelle et la plus innovante. Il propose annuellement une s\u00e9rie de pr\u00e9sentations par leurs auteurs des derni\u00e8res publications individuelles ou collectives en sciences humaines et sociales. Deux th\u00e9matiques transversales structurent les invitations et les discussions&nbsp;: \u00e9chelles et historicit\u00e9s. Ce s\u00e9minaire a donc une orientation interdisciplinaire affirm\u00e9e, puisqu\u2019aussi bien la science politique (la sociologie politique, les politiques publiques, les relations internationales, les \u00e9tudes europ\u00e9ennes, la th\u00e9orie politique), que l\u2019anthropologie, l\u2019histoire, la sociologie et autres sciences humaines et sociales ont vocation \u00e0 y prendre part. Il vise \u00e0 former les \u00e9tudiants \u00e0 la recherche par la recherche, mais aussi \u00e0 les mettre en situation active de discussion scientifique. La derni\u00e8re s\u00e9ance est ainsi consacr\u00e9e \u00e0 d\u00e9battre des principaux apports m\u00e9thodologiques des interventions successives pour la r\u00e9alisation du m\u00e9moire.<\/p>\n\n\n\n<h4 class=\"wp-block-heading\"><strong>Modalit\u00e9s de contr\u00f4le des connaissances et des comp\u00e9tences <\/strong><\/h4>\n\n\n\n<p>Contr\u00f4le continu.<\/p>\n\n\n\n<p><\/p>\n\n\n\n<p><\/p>\n","protected":false},"excerpt":{"rendered":"<p>Ce s\u00e9minaire a lieu au troisi\u00e8me semestre du Master (M2). Il est anim\u00e9 par Antonin Cohen R\u00e9sum\u00e9 Le s\u00e9minaire g\u00e9n\u00e9ral place les \u00e9tudiants au contact direct de la recherche la plus actuelle et la plus innovante. Il propose annuellement une&hellip;&nbsp;<a href=\"https:\/\/spspi.parisnanterre.fr\/index.php\/seminaire-general-echelles-et-historicites\/\" class=\"more-link\">Lire la suite<\/a><\/p>\n","protected":false},"author":1,"featured_media":0,"parent":0,"menu_order":0,"comment_status":"closed","ping_status":"closed","template":"","meta":{"footnotes":""},"class_list":["post-471","page","type-page","status-publish","hentry"],"jetpack_sharing_enabled":true,"_links":{"self":[{"href":"https:\/\/spspi.parisnanterre.fr\/index.php\/wp-json\/wp\/v2\/pages\/471","targetHints":{"allow":["GET"]}}],"collection":[{"href":"https:\/\/spspi.parisnanterre.fr\/index.php\/wp-json\/wp\/v2\/pages"}],"about":[{"href":"https:\/\/spspi.parisnanterre.fr\/index.php\/wp-json\/wp\/v2\/types\/page"}],"author":[{"embeddable":true,"href":"https:\/\/spspi.parisnanterre.fr\/index.php\/wp-json\/wp\/v2\/users\/1"}],"replies":[{"embeddable":true,"href":"https:\/\/spspi.parisnanterre.fr\/index.php\/wp-json\/wp\/v2\/comments?post=471"}],"version-history":[{"count":7,"href":"https:\/\/spspi.parisnanterre.fr\/index.php\/wp-json\/wp\/v2\/pages\/471\/revisions"}],"predecessor-version":[{"id":1270,"href":"https:\/\/spspi.parisnanterre.fr\/index.php\/wp-json\/wp\/v2\/pages\/471\/revisions\/1270"}],"wp:attachment":[{"href":"https:\/\/spspi.parisnanterre.fr\/index.php\/wp-json\/wp\/v2\/media?parent=471"}],"curies":[{"name":"wp","href":"https:\/\/api.w.org\/{rel}","templated":true}]}}