{"id":226,"date":"2021-03-06T12:51:58","date_gmt":"2021-03-06T12:51:58","guid":{"rendered":"https:\/\/spspi.parisnanterre.fr\/?page_id=226"},"modified":"2021-03-06T12:55:00","modified_gmt":"2021-03-06T12:55:00","slug":"stage","status":"publish","type":"page","link":"https:\/\/spspi.parisnanterre.fr\/index.php\/stage\/","title":{"rendered":"Stage"},"content":{"rendered":"\n<p>La formation offre la possibilit\u00e9 de r\u00e9aliser un stage dans le cadre d&rsquo;une convention entre l&rsquo;Universit\u00e9 Paris Nanterre et la structure d&rsquo;accueil : administration centrale, collectivit\u00e9 territoriale, \u00e9tablissement public, organisation non gouvernementale, entreprise priv\u00e9e, etc. Avant d&rsquo;initier toute d\u00e9marche, il est n\u00e9cessaire de discuter du projet avec les responsables p\u00e9dagogiques en amont : le stage doit \u00eatre en ad\u00e9quation avec les objectifs de la formation et le projet d&rsquo;insertion professionnelle de l&rsquo;\u00e9tudiant.<\/p>\n\n\n\n<p>Pour faire une demande de convention, il est n\u00e9cessaire de passer par le service d\u00e9di\u00e9 : <a rel=\"noreferrer noopener\" href=\"https:\/\/reseaupro.parisnanterre.fr\/index.php\/orientation\" target=\"_blank\">R\u00e9seaupro<\/a>.<\/p>\n\n\n\n<p>N&rsquo;oubliez pas de consulter les pages d\u00e9di\u00e9s du site Internet de l&rsquo;Universit\u00e9 : <a rel=\"noreferrer noopener\" href=\"https:\/\/etudiants.parisnanterre.fr\/stages-et-emplois-190580.kjsp?RH=FR_PORTAIL_ETUDIANT&amp;RF=1287736971714\" target=\"_blank\">Stages et emplois<\/a>.<\/p>\n","protected":false},"excerpt":{"rendered":"<p>La formation offre la possibilit\u00e9 de r\u00e9aliser un stage dans le cadre d&rsquo;une convention entre l&rsquo;Universit\u00e9 Paris Nanterre et la structure d&rsquo;accueil : administration centrale, collectivit\u00e9 territoriale, \u00e9tablissement public, organisation non gouvernementale, entreprise priv\u00e9e, etc. Avant d&rsquo;initier toute d\u00e9marche, il&hellip;&nbsp;<a href=\"https:\/\/spspi.parisnanterre.fr\/index.php\/stage\/\" class=\"more-link\">Lire la suite<\/a><\/p>\n","protected":false},"author":1,"featured_media":0,"parent":0,"menu_order":0,"comment_status":"closed","ping_status":"closed","template":"","meta":{"footnotes":""},"class_list":["post-226","page","type-page","status-publish","hentry"],"jetpack_sharing_enabled":true,"_links":{"self":[{"href":"https:\/\/spspi.parisnanterre.fr\/index.php\/wp-json\/wp\/v2\/pages\/226","targetHints":{"allow":["GET"]}}],"collection":[{"href":"https:\/\/spspi.parisnanterre.fr\/index.php\/wp-json\/wp\/v2\/pages"}],"about":[{"href":"https:\/\/spspi.parisnanterre.fr\/index.php\/wp-json\/wp\/v2\/types\/page"}],"author":[{"embeddable":true,"href":"https:\/\/spspi.parisnanterre.fr\/index.php\/wp-json\/wp\/v2\/users\/1"}],"replies":[{"embeddable":true,"href":"https:\/\/spspi.parisnanterre.fr\/index.php\/wp-json\/wp\/v2\/comments?post=226"}],"version-history":[{"count":5,"href":"https:\/\/spspi.parisnanterre.fr\/index.php\/wp-json\/wp\/v2\/pages\/226\/revisions"}],"predecessor-version":[{"id":1053,"href":"https:\/\/spspi.parisnanterre.fr\/index.php\/wp-json\/wp\/v2\/pages\/226\/revisions\/1053"}],"wp:attachment":[{"href":"https:\/\/spspi.parisnanterre.fr\/index.php\/wp-json\/wp\/v2\/media?parent=226"}],"curies":[{"name":"wp","href":"https:\/\/api.w.org\/{rel}","templated":true}]}}