{"id":222,"date":"2020-04-09T16:59:20","date_gmt":"2020-04-09T16:59:20","guid":{"rendered":"https:\/\/spspi.parisnanterre.fr\/?page_id=222"},"modified":"2022-06-30T16:54:44","modified_gmt":"2022-06-30T16:54:44","slug":"recherche-en-pratiques","status":"publish","type":"page","link":"https:\/\/spspi.parisnanterre.fr\/index.php\/recherche-en-pratiques\/","title":{"rendered":"Recherche en pratiques"},"content":{"rendered":"\n<h3 class=\"wp-block-heading\">Ce module a lieu au troisi\u00e8me semestre du Master (M2). Il est anim\u00e9 par<\/h3>\n\n\n\n<h3 class=\"wp-block-heading\"><strong><span style=\"color:#480872\" class=\"color\">L&rsquo;\u00e9quipe p\u00e9dagogique<\/span><span style=\"color:#480872\" class=\"color\"><\/span><\/strong><\/h3>\n\n\n\n<h4 class=\"wp-block-heading\"><strong>R\u00e9sum\u00e9<\/strong><\/h4>\n\n\n\n<p>Ce module vise \u00e0 renforcer le \u00ab&nbsp;savoir apprendre&nbsp;\u00bb et l\u2019autonomie intellectuelle partiellement acquis en premi\u00e8re ann\u00e9e de Master et n\u00e9cessaires aussi bien pour une int\u00e9gration dans le monde acad\u00e9mique que dans les diff\u00e9rents univers professionnels auxquels pr\u00e9pare le parcours SP-SPI. Les comp\u00e9tences de recherche, de hi\u00e9rarchisation et de restitution de donn\u00e9es complexes de premi\u00e8re main sont objectiv\u00e9es dans ce module par une r\u00e9flexivit\u00e9 avanc\u00e9e sur les pratiques de recherche.<\/p>\n\n\n\n<h4 class=\"wp-block-heading\"><strong>Modalit\u00e9s de contr\u00f4le des connaissances et des comp\u00e9tences <\/strong><\/h4>\n\n\n\n<p>Contr\u00f4le continu.<\/p>\n","protected":false},"excerpt":{"rendered":"<p>Ce module a lieu au troisi\u00e8me semestre du Master (M2). Il est anim\u00e9 par L&rsquo;\u00e9quipe p\u00e9dagogique R\u00e9sum\u00e9 Ce module vise \u00e0 renforcer le \u00ab&nbsp;savoir apprendre&nbsp;\u00bb et l\u2019autonomie intellectuelle partiellement acquis en premi\u00e8re ann\u00e9e de Master et n\u00e9cessaires aussi bien pour&hellip;&nbsp;<a href=\"https:\/\/spspi.parisnanterre.fr\/index.php\/recherche-en-pratiques\/\" class=\"more-link\">Lire la suite<\/a><\/p>\n","protected":false},"author":1,"featured_media":0,"parent":0,"menu_order":0,"comment_status":"closed","ping_status":"closed","template":"","meta":{"footnotes":""},"class_list":["post-222","page","type-page","status-publish","hentry"],"jetpack_sharing_enabled":true,"_links":{"self":[{"href":"https:\/\/spspi.parisnanterre.fr\/index.php\/wp-json\/wp\/v2\/pages\/222","targetHints":{"allow":["GET"]}}],"collection":[{"href":"https:\/\/spspi.parisnanterre.fr\/index.php\/wp-json\/wp\/v2\/pages"}],"about":[{"href":"https:\/\/spspi.parisnanterre.fr\/index.php\/wp-json\/wp\/v2\/types\/page"}],"author":[{"embeddable":true,"href":"https:\/\/spspi.parisnanterre.fr\/index.php\/wp-json\/wp\/v2\/users\/1"}],"replies":[{"embeddable":true,"href":"https:\/\/spspi.parisnanterre.fr\/index.php\/wp-json\/wp\/v2\/comments?post=222"}],"version-history":[{"count":8,"href":"https:\/\/spspi.parisnanterre.fr\/index.php\/wp-json\/wp\/v2\/pages\/222\/revisions"}],"predecessor-version":[{"id":1277,"href":"https:\/\/spspi.parisnanterre.fr\/index.php\/wp-json\/wp\/v2\/pages\/222\/revisions\/1277"}],"wp:attachment":[{"href":"https:\/\/spspi.parisnanterre.fr\/index.php\/wp-json\/wp\/v2\/media?parent=222"}],"curies":[{"name":"wp","href":"https:\/\/api.w.org\/{rel}","templated":true}]}}