{"id":214,"date":"2020-04-02T14:09:40","date_gmt":"2020-04-02T14:09:40","guid":{"rendered":"https:\/\/spspi.parisnanterre.fr\/?page_id=214"},"modified":"2021-08-26T10:55:57","modified_gmt":"2021-08-26T10:55:57","slug":"lecture-et-ecriture-des-sciences-sociales-en-anglais","status":"publish","type":"page","link":"https:\/\/spspi.parisnanterre.fr\/index.php\/lecture-et-ecriture-des-sciences-sociales-en-anglais\/","title":{"rendered":"Lecture et \u00e9criture des sciences sociales en anglais"},"content":{"rendered":"\n<h3 class=\"wp-block-heading\">Ce s\u00e9minaire a lieu au troisi\u00e8me semestre du Master (M2). Il est assur\u00e9 par<\/h3>\n\n\n\n<h3 class=\"wp-block-heading\"><strong><span style=\"color:#480872\" class=\"color\">Anne Simonin<\/span><\/strong><\/h3>\n\n\n\n<h4 class=\"wp-block-heading\"><strong>R\u00e9sum\u00e9<\/strong><\/h4>\n\n\n\n<p>La langue anglaise est devenue la langue de communication et de publication privil\u00e9gi\u00e9e et parfois m\u00eame exclusive du travail scientifique dans le monde. Avec elle se sont impos\u00e9 les modalit\u00e9s d\u2019expression et d\u2019exposition de la recherche qui sont celles des grandes revues scientifiques anglophones. Or ces modalit\u00e9s (et parfois ces modes) constituent alternativement un obstacle ou un atout pour la diffusion et la diss\u00e9mination des r\u00e9sultats de la recherche&nbsp;: un obstacle d\u00e8s lors que l\u2019on n\u2019en ma\u00eetrise pas les codes \u00e9l\u00e9mentaires, un atout d\u00e8s lors que l\u2019on dispose des meilleures cl\u00e9s. Ce s\u00e9minaire propose de donner aux \u00e9tudiants une compr\u00e9hension interne des logiques sp\u00e9cifiques de pr\u00e9sentation et d\u2019argumentation en langue anglaise au contact des grands classiques ou des nouvelles tendances des sciences sociales en langue anglaise. Les \u00e9tudiants sont ainsi invit\u00e9s \u00e0 entrer par la lecture dans l\u2019\u00e9criture des sciences sociales.<\/p>\n\n\n\n<h4 class=\"wp-block-heading\"><strong>Modalit\u00e9s de contr\u00f4le des connaissances et des comp\u00e9tences <\/strong><\/h4>\n\n\n\n<p>Contr\u00f4le continu.<\/p>\n","protected":false},"excerpt":{"rendered":"<p>Ce s\u00e9minaire a lieu au troisi\u00e8me semestre du Master (M2). Il est assur\u00e9 par Anne Simonin R\u00e9sum\u00e9 La langue anglaise est devenue la langue de communication et de publication privil\u00e9gi\u00e9e et parfois m\u00eame exclusive du travail scientifique dans le monde.&hellip;&nbsp;<a href=\"https:\/\/spspi.parisnanterre.fr\/index.php\/lecture-et-ecriture-des-sciences-sociales-en-anglais\/\" class=\"more-link\">Lire la suite<\/a><\/p>\n","protected":false},"author":1,"featured_media":0,"parent":0,"menu_order":0,"comment_status":"closed","ping_status":"closed","template":"","meta":{"footnotes":""},"class_list":["post-214","page","type-page","status-publish","hentry"],"jetpack_sharing_enabled":true,"_links":{"self":[{"href":"https:\/\/spspi.parisnanterre.fr\/index.php\/wp-json\/wp\/v2\/pages\/214","targetHints":{"allow":["GET"]}}],"collection":[{"href":"https:\/\/spspi.parisnanterre.fr\/index.php\/wp-json\/wp\/v2\/pages"}],"about":[{"href":"https:\/\/spspi.parisnanterre.fr\/index.php\/wp-json\/wp\/v2\/types\/page"}],"author":[{"embeddable":true,"href":"https:\/\/spspi.parisnanterre.fr\/index.php\/wp-json\/wp\/v2\/users\/1"}],"replies":[{"embeddable":true,"href":"https:\/\/spspi.parisnanterre.fr\/index.php\/wp-json\/wp\/v2\/comments?post=214"}],"version-history":[{"count":7,"href":"https:\/\/spspi.parisnanterre.fr\/index.php\/wp-json\/wp\/v2\/pages\/214\/revisions"}],"predecessor-version":[{"id":1151,"href":"https:\/\/spspi.parisnanterre.fr\/index.php\/wp-json\/wp\/v2\/pages\/214\/revisions\/1151"}],"wp:attachment":[{"href":"https:\/\/spspi.parisnanterre.fr\/index.php\/wp-json\/wp\/v2\/media?parent=214"}],"curies":[{"name":"wp","href":"https:\/\/api.w.org\/{rel}","templated":true}]}}