{"id":205,"date":"2020-04-02T14:07:07","date_gmt":"2020-04-02T14:07:07","guid":{"rendered":"https:\/\/spspi.parisnanterre.fr\/?page_id=205"},"modified":"2020-05-20T17:23:14","modified_gmt":"2020-05-20T17:23:14","slug":"fronts-et-frontieres-du-politique","status":"publish","type":"page","link":"https:\/\/spspi.parisnanterre.fr\/index.php\/fronts-et-frontieres-du-politique\/","title":{"rendered":"Fronts et fronti\u00e8res du politique"},"content":{"rendered":"\n<h3 class=\"wp-block-heading\">Ce s\u00e9minaire a lieu au troisi\u00e8me semestre du Master (M2). Il est assur\u00e9 par<\/h3>\n\n\n\n<h3 class=\"wp-block-heading\"><strong><span style=\"color:#480872\" class=\"color\">Christophe Le Digol et Eric Ph\u00e9lippeau<\/span><\/strong><\/h3>\n\n\n\n<h4 class=\"wp-block-heading\"><strong>R\u00e9sum\u00e9<\/strong><\/h4>\n\n\n\n<p>La politique forme un univers relativement autonome, dont les fronti\u00e8res constituent un enjeu de luttes entre de multiples acteurs travaillant \u00e0 leur politisation comme \u00e0 leur d\u00e9politisation. Ce s\u00e9minaire analyse&nbsp;la vari\u00e9t\u00e9 des formes historiques rev\u00eatues par la politique et la mani\u00e8re dont ce que l\u2019on appelle \u00ab la politique \u00bb se distingue d\u2019autres activit\u00e9s sociales. En mobilisant les outils de la sociologie et de l\u2019histoire, il met l\u2019accent sur les m\u00e9canismes de d\u00e9limitation de la politique, sur le d\u00e9veloppement de syst\u00e8mes d\u2019ouverture et de cl\u00f4ture r\u00e9gissant les positions du jeu politique, sur la diff\u00e9renciation entre les pratiques politiques consid\u00e9r\u00e9es comme d\u00e9viantes de celles labellis\u00e9es&nbsp;comme \u00e9thiques. En ce sens, ce s\u00e9minaire s\u2019inscrit dans une d\u00e9marche comparative qui vise \u00e0 souligner, suivant les termes de Jacques Lagroye, la \u00ab production sociale de la politique, de ses enjeux, de ses r\u00e8gles et de ses repr\u00e9sentations&nbsp;\u00bb.<\/p>\n\n\n\n<h4 class=\"wp-block-heading\"><strong>Modalit\u00e9s de contr\u00f4le des connaissances et des comp\u00e9tences <\/strong><\/h4>\n\n\n\n<p>Contr\u00f4le continu.<\/p>\n","protected":false},"excerpt":{"rendered":"<p>Ce s\u00e9minaire a lieu au troisi\u00e8me semestre du Master (M2). Il est assur\u00e9 par Christophe Le Digol et Eric Ph\u00e9lippeau R\u00e9sum\u00e9 La politique forme un univers relativement autonome, dont les fronti\u00e8res constituent un enjeu de luttes entre de multiples acteurs&hellip;&nbsp;<a href=\"https:\/\/spspi.parisnanterre.fr\/index.php\/fronts-et-frontieres-du-politique\/\" class=\"more-link\">Lire la suite<\/a><\/p>\n","protected":false},"author":1,"featured_media":0,"parent":0,"menu_order":0,"comment_status":"closed","ping_status":"closed","template":"","meta":{"footnotes":""},"class_list":["post-205","page","type-page","status-publish","hentry"],"jetpack_sharing_enabled":true,"_links":{"self":[{"href":"https:\/\/spspi.parisnanterre.fr\/index.php\/wp-json\/wp\/v2\/pages\/205","targetHints":{"allow":["GET"]}}],"collection":[{"href":"https:\/\/spspi.parisnanterre.fr\/index.php\/wp-json\/wp\/v2\/pages"}],"about":[{"href":"https:\/\/spspi.parisnanterre.fr\/index.php\/wp-json\/wp\/v2\/types\/page"}],"author":[{"embeddable":true,"href":"https:\/\/spspi.parisnanterre.fr\/index.php\/wp-json\/wp\/v2\/users\/1"}],"replies":[{"embeddable":true,"href":"https:\/\/spspi.parisnanterre.fr\/index.php\/wp-json\/wp\/v2\/comments?post=205"}],"version-history":[{"count":8,"href":"https:\/\/spspi.parisnanterre.fr\/index.php\/wp-json\/wp\/v2\/pages\/205\/revisions"}],"predecessor-version":[{"id":816,"href":"https:\/\/spspi.parisnanterre.fr\/index.php\/wp-json\/wp\/v2\/pages\/205\/revisions\/816"}],"wp:attachment":[{"href":"https:\/\/spspi.parisnanterre.fr\/index.php\/wp-json\/wp\/v2\/media?parent=205"}],"curies":[{"name":"wp","href":"https:\/\/api.w.org\/{rel}","templated":true}]}}