{"id":203,"date":"2020-04-02T12:58:40","date_gmt":"2020-04-02T12:58:40","guid":{"rendered":"https:\/\/spspi.parisnanterre.fr\/?page_id=203"},"modified":"2020-05-20T17:22:40","modified_gmt":"2020-05-20T17:22:40","slug":"circulation-internationale-des-savoirs-et-des-intellectuels","status":"publish","type":"page","link":"https:\/\/spspi.parisnanterre.fr\/index.php\/circulation-internationale-des-savoirs-et-des-intellectuels\/","title":{"rendered":"Circulation internationale des savoirs et des intellectuels"},"content":{"rendered":"\n<h3 class=\"wp-block-heading\">Ce s\u00e9minaire a lieu au troisi\u00e8me semestre du Master (M2). Il est assur\u00e9 par<\/h3>\n\n\n\n<h3 class=\"wp-block-heading\"><strong><span style=\"color:#480872\" class=\"color\">Isabelle Gouarn\u00e9 et Arnault Skornicki<\/span><\/strong><\/h3>\n\n\n\n<p><\/p>\n\n\n\n<h4 class=\"wp-block-heading\"><strong>R\u00e9sum\u00e9<\/strong><\/h4>\n\n\n\n<p>Transferts culturels, <em>travelling theory,<\/em> circulation internationale des id\u00e9es, histoire crois\u00e9e ou connect\u00e9e, \u00ab&nbsp;concepts nomades&nbsp;\u00bb : ces derni\u00e8res d\u00e9cennies ont vu se multiplier les \u00e9tudes sur la mobilit\u00e9 des savoirs entre espaces nationaux. En rompant avec le biais du \u00ab&nbsp;nationalisme m\u00e9thodologique&nbsp;\u00bb qui tend \u00e0 rabattre la production intellectuelle sur l\u2019\u00c9tat-nation, elles ont mis en \u00e9vidence les dimensions internationale et transnationale des id\u00e9es et des savoirs. Ce s\u00e9minaire propose d\u2019\u00e9tudier le r\u00f4le de ces circulations dans la construction des ordres symboliques et politiques, et ce que leurs constructions ou leurs usages transnationaux font aux id\u00e9es elles-m\u00eames. Il privil\u00e9gie la sociologie historique des sciences humaines et sociales, des Lumi\u00e8res \u00e0 nos jours, en consid\u00e9rant \u00e0 la fois les savoirs, leurs producteurs, leurs porteurs, et leurs circuits de diffusion&nbsp;: intellectuels, experts, traducteurs, journalistes, libraires, \u00e9diteurs, et autres institutions et interm\u00e9diaires culturels.<\/p>\n\n\n\n<h4 class=\"wp-block-heading\"><strong>Modalit\u00e9s de contr\u00f4le des connaissances et des comp\u00e9tences <\/strong><\/h4>\n\n\n\n<p>Contr\u00f4le continu.<\/p>\n","protected":false},"excerpt":{"rendered":"<p>Ce s\u00e9minaire a lieu au troisi\u00e8me semestre du Master (M2). Il est assur\u00e9 par Isabelle Gouarn\u00e9 et Arnault Skornicki R\u00e9sum\u00e9 Transferts culturels, travelling theory, circulation internationale des id\u00e9es, histoire crois\u00e9e ou connect\u00e9e, \u00ab&nbsp;concepts nomades&nbsp;\u00bb : ces derni\u00e8res d\u00e9cennies ont vu&hellip;&nbsp;<a href=\"https:\/\/spspi.parisnanterre.fr\/index.php\/circulation-internationale-des-savoirs-et-des-intellectuels\/\" class=\"more-link\">Lire la suite<\/a><\/p>\n","protected":false},"author":1,"featured_media":0,"parent":0,"menu_order":0,"comment_status":"closed","ping_status":"closed","template":"","meta":{"footnotes":""},"class_list":["post-203","page","type-page","status-publish","hentry"],"jetpack_sharing_enabled":true,"_links":{"self":[{"href":"https:\/\/spspi.parisnanterre.fr\/index.php\/wp-json\/wp\/v2\/pages\/203","targetHints":{"allow":["GET"]}}],"collection":[{"href":"https:\/\/spspi.parisnanterre.fr\/index.php\/wp-json\/wp\/v2\/pages"}],"about":[{"href":"https:\/\/spspi.parisnanterre.fr\/index.php\/wp-json\/wp\/v2\/types\/page"}],"author":[{"embeddable":true,"href":"https:\/\/spspi.parisnanterre.fr\/index.php\/wp-json\/wp\/v2\/users\/1"}],"replies":[{"embeddable":true,"href":"https:\/\/spspi.parisnanterre.fr\/index.php\/wp-json\/wp\/v2\/comments?post=203"}],"version-history":[{"count":12,"href":"https:\/\/spspi.parisnanterre.fr\/index.php\/wp-json\/wp\/v2\/pages\/203\/revisions"}],"predecessor-version":[{"id":815,"href":"https:\/\/spspi.parisnanterre.fr\/index.php\/wp-json\/wp\/v2\/pages\/203\/revisions\/815"}],"wp:attachment":[{"href":"https:\/\/spspi.parisnanterre.fr\/index.php\/wp-json\/wp\/v2\/media?parent=203"}],"curies":[{"name":"wp","href":"https:\/\/api.w.org\/{rel}","templated":true}]}}