{"id":201,"date":"2020-04-02T14:05:31","date_gmt":"2020-04-02T14:05:31","guid":{"rendered":"https:\/\/spspi.parisnanterre.fr\/?page_id=201"},"modified":"2020-05-20T17:22:07","modified_gmt":"2020-05-20T17:22:07","slug":"sociologies-des-champs-national-transnational","status":"publish","type":"page","link":"https:\/\/spspi.parisnanterre.fr\/index.php\/sociologies-des-champs-national-transnational\/","title":{"rendered":"Sociologies des champs : national \/ transnational"},"content":{"rendered":"\n<h3 class=\"wp-block-heading\">Ce s\u00e9minaire a lieu au troisi\u00e8me semestre du Master (M2). Il est assur\u00e9 par<\/h3>\n\n\n\n<h3 class=\"wp-block-heading\"><strong><span style=\"color:#480872\" class=\"color\">Antonin Cohen<\/span><\/strong><\/h3>\n\n\n\n<h4 class=\"wp-block-heading\"><strong>R\u00e9sum\u00e9<\/strong><\/h4>\n\n\n\n<p>Ce s\u00e9minaire porte sur les usages multiples de la notion de \u00ab&nbsp;champ&nbsp;\u00bb dans les sciences sociales. Dans un premier temps, le s\u00e9minaire revient sur la g\u00e9n\u00e9alogie scientifique de cette notion et son op\u00e9rationnalisation th\u00e9orique par des auteurs aussi diff\u00e9rents que Pierre Bourdieu bien s\u00fbr, mais aussi Curtis et Zurcher, DiMaggio et Powell, Fligstein et McAdam. Dans un deuxi\u00e8me temps, le s\u00e9minaire propose une palette de travaux r\u00e9cents utilisant cette notion pour appr\u00e9hender des objets aussi vari\u00e9s que le mouvement anti-pornographie, l\u2019\u00c9tat colonial, le mouvement LGBT, l\u2019industrie du jeu, les droits humains (un choix est propos\u00e9 aux \u00e9tudiants en fonction des int\u00e9r\u00eats et des curiosit\u00e9s). Dans un troisi\u00e8me temps, le s\u00e9minaire s\u2019int\u00e9resse plus particuli\u00e8rement aux champs \u00ab&nbsp;transnationaux&nbsp;\u00bb, proposant ainsi une r\u00e9flexion sur l\u2019articulation entre \u00ab&nbsp;le national&nbsp;\u00bb et \u00ab&nbsp;l\u2019international&nbsp;\u00bb dans l\u2019\u00e9tat pr\u00e9sent de la mondialisation.<\/p>\n\n\n\n<h4 class=\"wp-block-heading\"><strong>Modalit\u00e9s de contr\u00f4le des connaissances et des comp\u00e9tences <\/strong><\/h4>\n\n\n\n<p>Contr\u00f4le continu.<\/p>\n","protected":false},"excerpt":{"rendered":"<p>Ce s\u00e9minaire a lieu au troisi\u00e8me semestre du Master (M2). Il est assur\u00e9 par Antonin Cohen R\u00e9sum\u00e9 Ce s\u00e9minaire porte sur les usages multiples de la notion de \u00ab&nbsp;champ&nbsp;\u00bb dans les sciences sociales. Dans un premier temps, le s\u00e9minaire revient&hellip;&nbsp;<a href=\"https:\/\/spspi.parisnanterre.fr\/index.php\/sociologies-des-champs-national-transnational\/\" class=\"more-link\">Lire la suite<\/a><\/p>\n","protected":false},"author":1,"featured_media":0,"parent":0,"menu_order":0,"comment_status":"closed","ping_status":"closed","template":"","meta":{"footnotes":""},"class_list":["post-201","page","type-page","status-publish","hentry"],"jetpack_sharing_enabled":true,"_links":{"self":[{"href":"https:\/\/spspi.parisnanterre.fr\/index.php\/wp-json\/wp\/v2\/pages\/201","targetHints":{"allow":["GET"]}}],"collection":[{"href":"https:\/\/spspi.parisnanterre.fr\/index.php\/wp-json\/wp\/v2\/pages"}],"about":[{"href":"https:\/\/spspi.parisnanterre.fr\/index.php\/wp-json\/wp\/v2\/types\/page"}],"author":[{"embeddable":true,"href":"https:\/\/spspi.parisnanterre.fr\/index.php\/wp-json\/wp\/v2\/users\/1"}],"replies":[{"embeddable":true,"href":"https:\/\/spspi.parisnanterre.fr\/index.php\/wp-json\/wp\/v2\/comments?post=201"}],"version-history":[{"count":6,"href":"https:\/\/spspi.parisnanterre.fr\/index.php\/wp-json\/wp\/v2\/pages\/201\/revisions"}],"predecessor-version":[{"id":814,"href":"https:\/\/spspi.parisnanterre.fr\/index.php\/wp-json\/wp\/v2\/pages\/201\/revisions\/814"}],"wp:attachment":[{"href":"https:\/\/spspi.parisnanterre.fr\/index.php\/wp-json\/wp\/v2\/media?parent=201"}],"curies":[{"name":"wp","href":"https:\/\/api.w.org\/{rel}","templated":true}]}}