{"id":197,"date":"2020-04-02T14:02:38","date_gmt":"2020-04-02T14:02:38","guid":{"rendered":"https:\/\/spspi.parisnanterre.fr\/?page_id=197"},"modified":"2022-08-31T08:55:39","modified_gmt":"2022-08-31T08:55:39","slug":"international-organizations","status":"publish","type":"page","link":"https:\/\/spspi.parisnanterre.fr\/index.php\/international-organizations\/","title":{"rendered":"Transnational Governments"},"content":{"rendered":"\n<h3 class=\"wp-block-heading\">Ce cours a lieu au troisi\u00e8me semestre du Master (M2). Il est assur\u00e9 par<\/h3>\n\n\n\n<h3 class=\"wp-block-heading\"><strong><span style=\"color:#480872\" class=\"color\">Marielle Debos<\/span><\/strong><\/h3>\n\n\n\n<h4 class=\"wp-block-heading\"><strong>R\u00e9sum\u00e9<\/strong><\/h4>\n\n\n\n<p>The class explores the production and circulation of knowledge, science, expertise about and from the Global South. The seminar is divided into two units. With the first unit, we study the de\/postcolonial and feminist thought from a variety of theoretical perspectives. Where is knowledge produced? What is the place of South-based scholars? Of female scholars from the Global South? What does it mean to \u201cdecolonize\u201d methodologies and the curriculum? What is an ethical research? The second unit is thematic. We pursue our analysis of the politics of knowledge production by focusing on some prominent concepts of international aid. When were notions such as \u201cdevelopment,\u201d \u201cpoverty,\u201d or \u201cfragile states\u201d construed? By whom? What are the assumptions and central arguments underlying international development and humanitarianism? In contrast with the mainstream narrative that portrays the Global South as a place without science nor technology, we consider it as a source of conceptual as well as technological innovation. We also see how the Global South provides us with crucial insights into the workings of the world at large.<\/p>\n\n\n\n<h4 class=\"wp-block-heading\"><strong>Modalit\u00e9s de contr\u00f4le des connaissances et des comp\u00e9tences <\/strong><\/h4>\n\n\n\n<p>Examen terminal.<\/p>\n","protected":false},"excerpt":{"rendered":"<p>Ce cours a lieu au troisi\u00e8me semestre du Master (M2). Il est assur\u00e9 par Marielle Debos R\u00e9sum\u00e9 The class explores the production and circulation of knowledge, science, expertise about and from the Global South. The seminar is divided into two&hellip;&nbsp;<a href=\"https:\/\/spspi.parisnanterre.fr\/index.php\/international-organizations\/\" class=\"more-link\">Lire la suite<\/a><\/p>\n","protected":false},"author":1,"featured_media":0,"parent":0,"menu_order":0,"comment_status":"closed","ping_status":"closed","template":"","meta":{"footnotes":""},"class_list":["post-197","page","type-page","status-publish","hentry"],"jetpack_sharing_enabled":true,"_links":{"self":[{"href":"https:\/\/spspi.parisnanterre.fr\/index.php\/wp-json\/wp\/v2\/pages\/197","targetHints":{"allow":["GET"]}}],"collection":[{"href":"https:\/\/spspi.parisnanterre.fr\/index.php\/wp-json\/wp\/v2\/pages"}],"about":[{"href":"https:\/\/spspi.parisnanterre.fr\/index.php\/wp-json\/wp\/v2\/types\/page"}],"author":[{"embeddable":true,"href":"https:\/\/spspi.parisnanterre.fr\/index.php\/wp-json\/wp\/v2\/users\/1"}],"replies":[{"embeddable":true,"href":"https:\/\/spspi.parisnanterre.fr\/index.php\/wp-json\/wp\/v2\/comments?post=197"}],"version-history":[{"count":10,"href":"https:\/\/spspi.parisnanterre.fr\/index.php\/wp-json\/wp\/v2\/pages\/197\/revisions"}],"predecessor-version":[{"id":1343,"href":"https:\/\/spspi.parisnanterre.fr\/index.php\/wp-json\/wp\/v2\/pages\/197\/revisions\/1343"}],"wp:attachment":[{"href":"https:\/\/spspi.parisnanterre.fr\/index.php\/wp-json\/wp\/v2\/media?parent=197"}],"curies":[{"name":"wp","href":"https:\/\/api.w.org\/{rel}","templated":true}]}}