{"id":193,"date":"2020-04-02T13:36:26","date_gmt":"2020-04-02T13:36:26","guid":{"rendered":"https:\/\/spspi.parisnanterre.fr\/?page_id=193"},"modified":"2022-07-11T20:22:26","modified_gmt":"2022-07-11T20:22:26","slug":"lenquete-scientifique","status":"publish","type":"page","link":"https:\/\/spspi.parisnanterre.fr\/index.php\/lenquete-scientifique\/","title":{"rendered":"L&rsquo;enqu\u00eate scientifique"},"content":{"rendered":"\n<h3 class=\"wp-block-heading\">Ce s\u00e9minaire a lieu au premier semestre du Master (M1). Il est assur\u00e9 par<\/h3>\n\n\n\n<h3 class=\"wp-block-heading\"><strong><span style=\"color:#480872\" class=\"color\">Laurent Bonelli<\/span><\/strong><\/h3>\n\n\n\n<h4 class=\"wp-block-heading\"><strong>R\u00e9sum\u00e9<\/strong><\/h4>\n\n\n\n<p>Le s\u00e9minaire est une formation \u00e0 la recherche par la recherche par immersion directe des \u00e9tudiants dans un \u00ab&nbsp;terrain&nbsp;\u00bb hors les murs. L\u2019enqu\u00eate se d\u00e9roule <em>in situ<\/em>, soit dans une collectivit\u00e9 territoriale de la banlieue parisienne, soit dans une institution ou une organisation nationale (Parlement, Minist\u00e8re, Parti, R\u00e9daction) ou transnationale (\u00e0 Bruxelles ou ailleurs). Les \u00e9tudiants m\u00e8nent leur enqu\u00eate sur un th\u00e8me pr\u00e9alablement choisi et \u00e9prouvent ainsi concr\u00e8tement les diff\u00e9rentes \u00e9tapes du travail empirique&nbsp;: construction de l\u2019objet, recueil de donn\u00e9es de cadrage, analyse et production d\u2019un compte-rendu. L\u2019objectif est de pratiquer de mani\u00e8re intensive les diff\u00e9rentes m\u00e9thodes de collecte des donn\u00e9es&nbsp;: observations, entretiens, questionnaires, statistiques, archives. Ce s\u00e9minaire offre donc une pr\u00e9paration indispensable, avec le s\u00e9minaire sur l\u2019explication scientifique, \u00e0 la r\u00e9alisation du m\u00e9moire de recherche, en initiant les \u00e9tudiants aux \u00ab ficelles \u00bb de la recherche.<\/p>\n\n\n\n<h4 class=\"wp-block-heading\"><strong>Modalit\u00e9s de contr\u00f4le des connaissances et des comp\u00e9tences <\/strong><\/h4>\n\n\n\n<p>Contr\u00f4le continu.<\/p>\n","protected":false},"excerpt":{"rendered":"<p>Ce s\u00e9minaire a lieu au premier semestre du Master (M1). Il est assur\u00e9 par Laurent Bonelli R\u00e9sum\u00e9 Le s\u00e9minaire est une formation \u00e0 la recherche par la recherche par immersion directe des \u00e9tudiants dans un \u00ab&nbsp;terrain&nbsp;\u00bb hors les murs. L\u2019enqu\u00eate&hellip;&nbsp;<a href=\"https:\/\/spspi.parisnanterre.fr\/index.php\/lenquete-scientifique\/\" class=\"more-link\">Lire la suite<\/a><\/p>\n","protected":false},"author":1,"featured_media":0,"parent":0,"menu_order":0,"comment_status":"closed","ping_status":"closed","template":"","meta":{"footnotes":""},"class_list":["post-193","page","type-page","status-publish","hentry"],"jetpack_sharing_enabled":true,"_links":{"self":[{"href":"https:\/\/spspi.parisnanterre.fr\/index.php\/wp-json\/wp\/v2\/pages\/193","targetHints":{"allow":["GET"]}}],"collection":[{"href":"https:\/\/spspi.parisnanterre.fr\/index.php\/wp-json\/wp\/v2\/pages"}],"about":[{"href":"https:\/\/spspi.parisnanterre.fr\/index.php\/wp-json\/wp\/v2\/types\/page"}],"author":[{"embeddable":true,"href":"https:\/\/spspi.parisnanterre.fr\/index.php\/wp-json\/wp\/v2\/users\/1"}],"replies":[{"embeddable":true,"href":"https:\/\/spspi.parisnanterre.fr\/index.php\/wp-json\/wp\/v2\/comments?post=193"}],"version-history":[{"count":8,"href":"https:\/\/spspi.parisnanterre.fr\/index.php\/wp-json\/wp\/v2\/pages\/193\/revisions"}],"predecessor-version":[{"id":1297,"href":"https:\/\/spspi.parisnanterre.fr\/index.php\/wp-json\/wp\/v2\/pages\/193\/revisions\/1297"}],"wp:attachment":[{"href":"https:\/\/spspi.parisnanterre.fr\/index.php\/wp-json\/wp\/v2\/media?parent=193"}],"curies":[{"name":"wp","href":"https:\/\/api.w.org\/{rel}","templated":true}]}}