{"id":191,"date":"2020-04-02T13:33:45","date_gmt":"2020-04-02T13:33:45","guid":{"rendered":"https:\/\/spspi.parisnanterre.fr\/?page_id=191"},"modified":"2022-07-11T20:21:54","modified_gmt":"2022-07-11T20:21:54","slug":"lexplication-scientifique","status":"publish","type":"page","link":"https:\/\/spspi.parisnanterre.fr\/index.php\/lexplication-scientifique\/","title":{"rendered":"L&rsquo;explication scientifique"},"content":{"rendered":"\n<h3 class=\"wp-block-heading\">Ce s\u00e9minaire a lieu au premier semestre du Master (M1). Il est assur\u00e9 par<\/h3>\n\n\n\n<h3 class=\"wp-block-heading\"><strong><span style=\"color:#480872\" class=\"color\">\u00c9lisa Chelle<\/span><\/strong><\/h3>\n\n\n\n<p><\/p>\n\n\n\n<h4 class=\"wp-block-heading\"><strong>R\u00e9sum\u00e9<\/strong><\/h4>\n\n\n\n<p>Ce s\u00e9minaire de sp\u00e9cialisation a pour ambition de former les \u00e9tudiants \u00e0 la logique causale et narrative des sciences sociales. Il propose un parcours de r\u00e9flexion \u00e0 travers des \u0153uvres classiques ou m\u00e9connues pour comprendre ce qui diff\u00e9rencie l\u2019explication scientifique des autres formes de discours, et notamment la science politique de la politique. Le s\u00e9minaire est d\u00e9coup\u00e9 en trois \u00e9tapes. La premi\u00e8re \u00e9tape porte sur la construction historique et sociale des espaces et des faits scientifiques. La deuxi\u00e8me porte sur la dynamique des controverses et des m\u00e9thodes dans les sciences sociales. La troisi\u00e8meporte sur le rapport entre causalit\u00e9 et narration dans l\u2019analyse des processus sociaux et politiques pass\u00e9s ou pr\u00e9sents. Ce s\u00e9minaire offre donc un <em>vade-mecum<\/em> indispensable \u00e0 la r\u00e9alisation du m\u00e9moire de recherche, avec le s\u00e9minaire sur l\u2019enqu\u00eate scientifique, en proposant une check-list du parfait objet de recherche.<\/p>\n\n\n\n<h4 class=\"wp-block-heading\"><strong>Modalit\u00e9s de contr\u00f4le des connaissances et des comp\u00e9tences <\/strong><\/h4>\n\n\n\n<p>Contr\u00f4le continu.<\/p>\n","protected":false},"excerpt":{"rendered":"<p>Ce s\u00e9minaire a lieu au premier semestre du Master (M1). Il est assur\u00e9 par \u00c9lisa Chelle R\u00e9sum\u00e9 Ce s\u00e9minaire de sp\u00e9cialisation a pour ambition de former les \u00e9tudiants \u00e0 la logique causale et narrative des sciences sociales. Il propose un&hellip;&nbsp;<a href=\"https:\/\/spspi.parisnanterre.fr\/index.php\/lexplication-scientifique\/\" class=\"more-link\">Lire la suite<\/a><\/p>\n","protected":false},"author":1,"featured_media":0,"parent":0,"menu_order":0,"comment_status":"closed","ping_status":"closed","template":"","meta":{"footnotes":""},"class_list":["post-191","page","type-page","status-publish","hentry"],"jetpack_sharing_enabled":true,"_links":{"self":[{"href":"https:\/\/spspi.parisnanterre.fr\/index.php\/wp-json\/wp\/v2\/pages\/191","targetHints":{"allow":["GET"]}}],"collection":[{"href":"https:\/\/spspi.parisnanterre.fr\/index.php\/wp-json\/wp\/v2\/pages"}],"about":[{"href":"https:\/\/spspi.parisnanterre.fr\/index.php\/wp-json\/wp\/v2\/types\/page"}],"author":[{"embeddable":true,"href":"https:\/\/spspi.parisnanterre.fr\/index.php\/wp-json\/wp\/v2\/users\/1"}],"replies":[{"embeddable":true,"href":"https:\/\/spspi.parisnanterre.fr\/index.php\/wp-json\/wp\/v2\/comments?post=191"}],"version-history":[{"count":7,"href":"https:\/\/spspi.parisnanterre.fr\/index.php\/wp-json\/wp\/v2\/pages\/191\/revisions"}],"predecessor-version":[{"id":1296,"href":"https:\/\/spspi.parisnanterre.fr\/index.php\/wp-json\/wp\/v2\/pages\/191\/revisions\/1296"}],"wp:attachment":[{"href":"https:\/\/spspi.parisnanterre.fr\/index.php\/wp-json\/wp\/v2\/media?parent=191"}],"curies":[{"name":"wp","href":"https:\/\/api.w.org\/{rel}","templated":true}]}}